{"id":98,"date":"2019-12-06T12:45:32","date_gmt":"2019-12-06T12:45:32","guid":{"rendered":"http:\/\/irecco.wgl-demo.net\/?page_id=98"},"modified":"2022-10-29T22:06:39","modified_gmt":"2022-10-29T22:06:39","slug":"elements","status":"publish","type":"page","link":"https:\/\/areasso.org\/sq\/elements\/","title":{"rendered":"News"},"content":{"rendered":"<div data-elementor-type=\"wp-page\" data-elementor-id=\"98\" class=\"elementor elementor-98\">\n\t\t\t\t\t\t<section class=\"elementor-section elementor-top-section elementor-element elementor-element-912b66a elementor-section-boxed elementor-section-height-default elementor-section-height-default\" data-id=\"912b66a\" data-element_type=\"section\" data-e-type=\"section\">\n\t\t\t\t\t\t<div class=\"elementor-container elementor-column-gap-default\">\n\t\t\t\t\t<div class=\"elementor-column elementor-col-100 elementor-top-column elementor-element elementor-element-50c40828\" data-id=\"50c40828\" data-element_type=\"column\" data-e-type=\"column\">\n\t\t\t<div class=\"elementor-widget-wrap\">\n\t\t\t\t\t\t\t<\/div>\n\t\t<\/div>\n\t\t\t\t\t<\/div>\n\t\t<\/section>\n\t\t\t\t<section class=\"elementor-section elementor-top-section elementor-element elementor-element-50a410f elementor-section-boxed elementor-section-height-default elementor-section-height-default\" data-id=\"50a410f\" data-element_type=\"section\" data-e-type=\"section\">\n\t\t\t\t\t\t<div class=\"elementor-container elementor-column-gap-default\">\n\t\t\t\t\t<div class=\"elementor-column elementor-col-100 elementor-top-column elementor-element elementor-element-a2b00ed\" data-id=\"a2b00ed\" data-element_type=\"column\" data-e-type=\"column\">\n\t\t\t<div class=\"elementor-widget-wrap\">\n\t\t\t\t\t\t\t<\/div>\n\t\t<\/div>\n\t\t\t\t\t<\/div>\n\t\t<\/section>\n\t\t\t\t<\/div>","protected":false},"excerpt":{"rendered":"<p>AREA Albanian Renewable Energy Association NEWS Read MoreAREA May 20, 2020by 1 \u201cU b\u00eb n\u00eb fsheht\u00ebsi\u201d\/ qeveria ul \u00e7mimin e energjis\u00eb p\u00ebr hec-et private, area: kjo l\u00ebvizje godet prodhuesit Qeveria ka vendosur t\u00eb ndryshoj\u00eb formul\u00ebn me t\u00eb cil\u00ebn iu blihet sot energjia prodhuesve me p\u00ebrpar\u00ebsi t\u00eb energjis\u00eb, q\u00eb jan\u00eb HEC-et private. Me nj\u00eb vendim t\u00eb [&hellip;]<\/p>\n","protected":false},"author":3,"featured_media":2167,"parent":0,"menu_order":0,"comment_status":"closed","ping_status":"closed","template":"","meta":{"footnotes":""},"class_list":["post-98","page","type-page","status-publish","has-post-thumbnail","hentry"],"yoast_head":"<!-- This site is optimized with the Yoast SEO plugin v27.5 - https:\/\/yoast.com\/product\/yoast-seo-wordpress\/ -->\n<title>News - AREA<\/title>\n<meta name=\"robots\" content=\"index, follow, max-snippet:-1, max-image-preview:large, max-video-preview:-1\" \/>\n<link rel=\"canonical\" href=\"https:\/\/areasso.org\/sq\/elements\/\" \/>\n<meta property=\"og:locale\" content=\"sq_AL\" \/>\n<meta property=\"og:type\" content=\"article\" \/>\n<meta property=\"og:title\" content=\"News - AREA\" \/>\n<meta property=\"og:description\" content=\"AREA Albanian Renewable Energy Association NEWS Read MoreAREA May 20, 2020by 1 \u201cU b\u00eb n\u00eb fsheht\u00ebsi\u201d\/ qeveria ul \u00e7mimin e energjis\u00eb p\u00ebr hec-et private, area: kjo l\u00ebvizje godet prodhuesit Qeveria ka vendosur t\u00eb ndryshoj\u00eb formul\u00ebn me t\u00eb cil\u00ebn iu blihet sot energjia prodhuesve me p\u00ebrpar\u00ebsi t\u00eb energjis\u00eb, q\u00eb jan\u00eb HEC-et private. Me nj\u00eb vendim t\u00eb [&hellip;]\" \/>\n<meta property=\"og:url\" content=\"https:\/\/areasso.org\/sq\/elements\/\" \/>\n<meta property=\"og:site_name\" content=\"AREA\" \/>\n<meta property=\"article:modified_time\" content=\"2022-10-29T22:06:39+00:00\" \/>\n<meta property=\"og:image\" content=\"https:\/\/areasso.org\/wp-content\/uploads\/2022\/10\/hydro_conf-300x158-2-scaled.jpg\" \/>\n\t<meta property=\"og:image:width\" content=\"2560\" \/>\n\t<meta property=\"og:image:height\" content=\"1969\" \/>\n\t<meta property=\"og:image:type\" content=\"image\/jpeg\" \/>\n<meta name=\"twitter:card\" content=\"summary_large_image\" \/>\n<meta name=\"twitter:label1\" content=\"Est. reading time\" \/>\n\t<meta name=\"twitter:data1\" content=\"6 minuta\" \/>\n<script type=\"application\/ld+json\" class=\"yoast-schema-graph\">{\"@context\":\"https:\\\/\\\/schema.org\",\"@graph\":[{\"@type\":\"WebPage\",\"@id\":\"https:\\\/\\\/areasso.org\\\/elements\\\/\",\"url\":\"https:\\\/\\\/areasso.org\\\/elements\\\/\",\"name\":\"News - AREA\",\"isPartOf\":{\"@id\":\"https:\\\/\\\/areasso.org\\\/#website\"},\"primaryImageOfPage\":{\"@id\":\"https:\\\/\\\/areasso.org\\\/elements\\\/#primaryimage\"},\"image\":{\"@id\":\"https:\\\/\\\/areasso.org\\\/elements\\\/#primaryimage\"},\"thumbnailUrl\":\"https:\\\/\\\/areasso.org\\\/wp-content\\\/uploads\\\/2022\\\/10\\\/hydro_conf-300x158-2-scaled.jpg\",\"datePublished\":\"2019-12-06T12:45:32+00:00\",\"dateModified\":\"2022-10-29T22:06:39+00:00\",\"inLanguage\":\"sq\",\"potentialAction\":[{\"@type\":\"ReadAction\",\"target\":[\"https:\\\/\\\/areasso.org\\\/elements\\\/\"]}]},{\"@type\":\"ImageObject\",\"inLanguage\":\"sq\",\"@id\":\"https:\\\/\\\/areasso.org\\\/elements\\\/#primaryimage\",\"url\":\"https:\\\/\\\/areasso.org\\\/wp-content\\\/uploads\\\/2022\\\/10\\\/hydro_conf-300x158-2-scaled.jpg\",\"contentUrl\":\"https:\\\/\\\/areasso.org\\\/wp-content\\\/uploads\\\/2022\\\/10\\\/hydro_conf-300x158-2-scaled.jpg\",\"width\":2560,\"height\":1969},{\"@type\":\"WebSite\",\"@id\":\"https:\\\/\\\/areasso.org\\\/#website\",\"url\":\"https:\\\/\\\/areasso.org\\\/\",\"name\":\"AREA\",\"description\":\"Albanian Renewable Energy Association\",\"publisher\":{\"@id\":\"https:\\\/\\\/areasso.org\\\/#organization\"},\"potentialAction\":[{\"@type\":\"SearchAction\",\"target\":{\"@type\":\"EntryPoint\",\"urlTemplate\":\"https:\\\/\\\/areasso.org\\\/?s={search_term_string}\"},\"query-input\":{\"@type\":\"PropertyValueSpecification\",\"valueRequired\":true,\"valueName\":\"search_term_string\"}}],\"inLanguage\":\"sq\"},{\"@type\":\"Organization\",\"@id\":\"https:\\\/\\\/areasso.org\\\/#organization\",\"name\":\"AREA\",\"url\":\"https:\\\/\\\/areasso.org\\\/\",\"logo\":{\"@type\":\"ImageObject\",\"inLanguage\":\"sq\",\"@id\":\"https:\\\/\\\/areasso.org\\\/#\\\/schema\\\/logo\\\/image\\\/\",\"url\":\"https:\\\/\\\/areasso.org\\\/wp-content\\\/uploads\\\/2022\\\/10\\\/logo-area.png\",\"contentUrl\":\"https:\\\/\\\/areasso.org\\\/wp-content\\\/uploads\\\/2022\\\/10\\\/logo-area.png\",\"width\":1920,\"height\":1200,\"caption\":\"AREA\"},\"image\":{\"@id\":\"https:\\\/\\\/areasso.org\\\/#\\\/schema\\\/logo\\\/image\\\/\"}}]}<\/script>\n<!-- \/ Yoast SEO plugin. -->","yoast_head_json":{"title":"News - AREA","robots":{"index":"index","follow":"follow","max-snippet":"max-snippet:-1","max-image-preview":"max-image-preview:large","max-video-preview":"max-video-preview:-1"},"canonical":"https:\/\/areasso.org\/sq\/elements\/","og_locale":"sq_AL","og_type":"article","og_title":"News - AREA","og_description":"AREA Albanian Renewable Energy Association NEWS Read MoreAREA May 20, 2020by 1 \u201cU b\u00eb n\u00eb fsheht\u00ebsi\u201d\/ qeveria ul \u00e7mimin e energjis\u00eb p\u00ebr hec-et private, area: kjo l\u00ebvizje godet prodhuesit Qeveria ka vendosur t\u00eb ndryshoj\u00eb formul\u00ebn me t\u00eb cil\u00ebn iu blihet sot energjia prodhuesve me p\u00ebrpar\u00ebsi t\u00eb energjis\u00eb, q\u00eb jan\u00eb HEC-et private. Me nj\u00eb vendim t\u00eb [&hellip;]","og_url":"https:\/\/areasso.org\/sq\/elements\/","og_site_name":"AREA","article_modified_time":"2022-10-29T22:06:39+00:00","og_image":[{"width":2560,"height":1969,"url":"https:\/\/areasso.org\/wp-content\/uploads\/2022\/10\/hydro_conf-300x158-2-scaled.jpg","type":"image\/jpeg"}],"twitter_card":"summary_large_image","twitter_misc":{"Est. reading time":"6 minuta"},"schema":{"@context":"https:\/\/schema.org","@graph":[{"@type":"WebPage","@id":"https:\/\/areasso.org\/elements\/","url":"https:\/\/areasso.org\/elements\/","name":"News - AREA","isPartOf":{"@id":"https:\/\/areasso.org\/#website"},"primaryImageOfPage":{"@id":"https:\/\/areasso.org\/elements\/#primaryimage"},"image":{"@id":"https:\/\/areasso.org\/elements\/#primaryimage"},"thumbnailUrl":"https:\/\/areasso.org\/wp-content\/uploads\/2022\/10\/hydro_conf-300x158-2-scaled.jpg","datePublished":"2019-12-06T12:45:32+00:00","dateModified":"2022-10-29T22:06:39+00:00","inLanguage":"sq","potentialAction":[{"@type":"ReadAction","target":["https:\/\/areasso.org\/elements\/"]}]},{"@type":"ImageObject","inLanguage":"sq","@id":"https:\/\/areasso.org\/elements\/#primaryimage","url":"https:\/\/areasso.org\/wp-content\/uploads\/2022\/10\/hydro_conf-300x158-2-scaled.jpg","contentUrl":"https:\/\/areasso.org\/wp-content\/uploads\/2022\/10\/hydro_conf-300x158-2-scaled.jpg","width":2560,"height":1969},{"@type":"WebSite","@id":"https:\/\/areasso.org\/#website","url":"https:\/\/areasso.org\/","name":"AREA","description":"Albanian Renewable Energy Association","publisher":{"@id":"https:\/\/areasso.org\/#organization"},"potentialAction":[{"@type":"SearchAction","target":{"@type":"EntryPoint","urlTemplate":"https:\/\/areasso.org\/?s={search_term_string}"},"query-input":{"@type":"PropertyValueSpecification","valueRequired":true,"valueName":"search_term_string"}}],"inLanguage":"sq"},{"@type":"Organization","@id":"https:\/\/areasso.org\/#organization","name":"AREA","url":"https:\/\/areasso.org\/","logo":{"@type":"ImageObject","inLanguage":"sq","@id":"https:\/\/areasso.org\/#\/schema\/logo\/image\/","url":"https:\/\/areasso.org\/wp-content\/uploads\/2022\/10\/logo-area.png","contentUrl":"https:\/\/areasso.org\/wp-content\/uploads\/2022\/10\/logo-area.png","width":1920,"height":1200,"caption":"AREA"},"image":{"@id":"https:\/\/areasso.org\/#\/schema\/logo\/image\/"}}]}},"_links":{"self":[{"href":"https:\/\/areasso.org\/sq\/wp-json\/wp\/v2\/pages\/98","targetHints":{"allow":["GET"]}}],"collection":[{"href":"https:\/\/areasso.org\/sq\/wp-json\/wp\/v2\/pages"}],"about":[{"href":"https:\/\/areasso.org\/sq\/wp-json\/wp\/v2\/types\/page"}],"author":[{"embeddable":true,"href":"https:\/\/areasso.org\/sq\/wp-json\/wp\/v2\/users\/3"}],"replies":[{"embeddable":true,"href":"https:\/\/areasso.org\/sq\/wp-json\/wp\/v2\/comments?post=98"}],"version-history":[{"count":0,"href":"https:\/\/areasso.org\/sq\/wp-json\/wp\/v2\/pages\/98\/revisions"}],"wp:featuredmedia":[{"embeddable":true,"href":"https:\/\/areasso.org\/sq\/wp-json\/wp\/v2\/media\/2167"}],"wp:attachment":[{"href":"https:\/\/areasso.org\/sq\/wp-json\/wp\/v2\/media?parent=98"}],"curies":[{"name":"wp","href":"https:\/\/api.w.org\/{rel}","templated":true}]}}