{"id":719,"date":"2019-12-12T12:56:49","date_gmt":"2019-12-12T12:56:49","guid":{"rendered":"http:\/\/irecco.wgl-demo.net\/?page_id=719"},"modified":"2022-10-28T16:55:14","modified_gmt":"2022-10-28T16:55:14","slug":"events","status":"publish","type":"page","link":"https:\/\/areasso.org\/sq\/events\/","title":{"rendered":"Events"},"content":{"rendered":"<div data-elementor-type=\"wp-page\" data-elementor-id=\"719\" class=\"elementor elementor-719\">\n\t\t\t\t\t\t<section class=\"elementor-section elementor-top-section elementor-element elementor-element-839bde2 elementor-section-boxed elementor-section-height-default elementor-section-height-default\" data-id=\"839bde2\" data-element_type=\"section\" data-e-type=\"section\">\n\t\t\t\t\t\t<div class=\"elementor-container elementor-column-gap-default\">\n\t\t\t\t\t<div class=\"elementor-column elementor-col-100 elementor-top-column elementor-element elementor-element-a3c9d78\" data-id=\"a3c9d78\" data-element_type=\"column\" data-e-type=\"column\">\n\t\t\t<div class=\"elementor-widget-wrap elementor-element-populated\">\n\t\t\t\t\t\t<div class=\"elementor-element elementor-element-18f8307 elementor-widget elementor-widget-spacer\" data-id=\"18f8307\" data-element_type=\"widget\" data-e-type=\"widget\" data-widget_type=\"spacer.default\">\n\t\t\t\t<div class=\"elementor-widget-container\">\n\t\t\t\t\t\t\t<div class=\"elementor-spacer\">\n\t\t\t<div class=\"elementor-spacer-inner\"><\/div>\n\t\t<\/div>\n\t\t\t\t\t\t<\/div>\n\t\t\t\t<\/div>\n\t\t\t\t\t<\/div>\n\t\t<\/div>\n\t\t\t\t\t<\/div>\n\t\t<\/section>\n\t\t\t\t<section class=\"elementor-section elementor-top-section elementor-element elementor-element-d07908d elementor-section-boxed elementor-section-height-default elementor-section-height-default\" data-id=\"d07908d\" data-element_type=\"section\" data-e-type=\"section\">\n\t\t\t\t\t\t<div class=\"elementor-container elementor-column-gap-default\">\n\t\t\t\t\t<div class=\"elementor-column elementor-col-100 elementor-top-column elementor-element elementor-element-f250927\" data-id=\"f250927\" data-element_type=\"column\" data-e-type=\"column\">\n\t\t\t<div class=\"elementor-widget-wrap\">\n\t\t\t\t\t\t\t<\/div>\n\t\t<\/div>\n\t\t\t\t\t<\/div>\n\t\t<\/section>\n\t\t\t\t<section class=\"elementor-section elementor-top-section elementor-element elementor-element-f2ace6f elementor-section-boxed elementor-section-height-default elementor-section-height-default\" data-id=\"f2ace6f\" data-element_type=\"section\" data-e-type=\"section\">\n\t\t\t\t\t\t<div class=\"elementor-container elementor-column-gap-default\">\n\t\t\t\t\t<div class=\"elementor-column elementor-col-100 elementor-top-column elementor-element elementor-element-31beefd\" data-id=\"31beefd\" data-element_type=\"column\" data-e-type=\"column\">\n\t\t\t<div class=\"elementor-widget-wrap elementor-element-populated\">\n\t\t\t\t\t\t<div class=\"elementor-element elementor-element-758bdd6 elementor-widget elementor-widget-spacer\" data-id=\"758bdd6\" data-element_type=\"widget\" data-e-type=\"widget\" data-widget_type=\"spacer.default\">\n\t\t\t\t<div class=\"elementor-widget-container\">\n\t\t\t\t\t\t\t<div class=\"elementor-spacer\">\n\t\t\t<div class=\"elementor-spacer-inner\"><\/div>\n\t\t<\/div>\n\t\t\t\t\t\t<\/div>\n\t\t\t\t<\/div>\n\t\t\t\t\t<\/div>\n\t\t<\/div>\n\t\t\t\t\t<\/div>\n\t\t<\/section>\n\t\t\t\t<section class=\"elementor-section elementor-top-section elementor-element elementor-element-ce540dd elementor-section-boxed elementor-section-height-default elementor-section-height-default\" data-id=\"ce540dd\" data-element_type=\"section\" data-e-type=\"section\">\n\t\t\t\t\t\t<div class=\"elementor-container elementor-column-gap-default\">\n\t\t\t\t\t<div class=\"elementor-column elementor-col-100 elementor-top-column elementor-element elementor-element-483e1af\" data-id=\"483e1af\" data-element_type=\"column\" data-e-type=\"column\">\n\t\t\t<div class=\"elementor-widget-wrap elementor-element-populated\">\n\t\t\t\t\t\t<div class=\"elementor-element elementor-element-0f2dbb1 elementor-widget elementor-widget-spacer\" data-id=\"0f2dbb1\" data-element_type=\"widget\" data-e-type=\"widget\" data-widget_type=\"spacer.default\">\n\t\t\t\t<div class=\"elementor-widget-container\">\n\t\t\t\t\t\t\t<div class=\"elementor-spacer\">\n\t\t\t<div class=\"elementor-spacer-inner\"><\/div>\n\t\t<\/div>\n\t\t\t\t\t\t<\/div>\n\t\t\t\t<\/div>\n\t\t\t\t\t<\/div>\n\t\t<\/div>\n\t\t\t\t\t<\/div>\n\t\t<\/section>\n\t\t\t\t<section class=\"elementor-section elementor-top-section elementor-element elementor-element-ea2b4d5 elementor-section-boxed elementor-section-height-default elementor-section-height-default\" data-id=\"ea2b4d5\" data-element_type=\"section\" data-e-type=\"section\">\n\t\t\t\t\t\t<div class=\"elementor-container elementor-column-gap-default\">\n\t\t\t\t\t<div class=\"elementor-column elementor-col-100 elementor-top-column elementor-element elementor-element-7da6313\" data-id=\"7da6313\" data-element_type=\"column\" data-e-type=\"column\">\n\t\t\t<div class=\"elementor-widget-wrap elementor-element-populated\">\n\t\t\t\t\t\t<div class=\"elementor-element elementor-element-6a52cfd elementor-widget elementor-widget-spacer\" data-id=\"6a52cfd\" data-element_type=\"widget\" data-e-type=\"widget\" data-widget_type=\"spacer.default\">\n\t\t\t\t<div class=\"elementor-widget-container\">\n\t\t\t\t\t\t\t<div class=\"elementor-spacer\">\n\t\t\t<div class=\"elementor-spacer-inner\"><\/div>\n\t\t<\/div>\n\t\t\t\t\t\t<\/div>\n\t\t\t\t<\/div>\n\t\t\t\t\t<\/div>\n\t\t<\/div>\n\t\t\t\t\t<\/div>\n\t\t<\/section>\n\t\t\t\t<\/div>","protected":false},"excerpt":{"rendered":"<p>AREA Albanian Renewable Energy Association EVENTS AllAREA AREA Mie: 27 kontrata p\u00ebr 80 hec-e do t\u00eb prishen Ministria e Infrastruktur\u00ebs dhe Energjis\u00eb doli k\u00ebt\u00eb t\u00eb enjte me nj\u00eb deklarat\u00eb p\u00ebr AREA Shqip\u00ebria, e treta n\u00eb europ\u00eb p\u00ebr prodhimin e energjis\u00eb nga burimet e rinovueshme Shqip\u00ebria renditet e treta n\u00eb Europ\u00eb, pas Norvegjis\u00eb dhe Island\u00ebs p\u00ebr [&hellip;]<\/p>\n","protected":false},"author":3,"featured_media":2167,"parent":0,"menu_order":0,"comment_status":"closed","ping_status":"closed","template":"","meta":{"footnotes":""},"class_list":["post-719","page","type-page","status-publish","has-post-thumbnail","hentry"],"yoast_head":"<!-- This site is optimized with the Yoast SEO plugin v27.5 - https:\/\/yoast.com\/product\/yoast-seo-wordpress\/ -->\n<title>Events - AREA<\/title>\n<meta name=\"robots\" content=\"index, follow, max-snippet:-1, max-image-preview:large, max-video-preview:-1\" \/>\n<link rel=\"canonical\" href=\"https:\/\/areasso.org\/sq\/events\/\" \/>\n<meta property=\"og:locale\" content=\"sq_AL\" \/>\n<meta property=\"og:type\" content=\"article\" \/>\n<meta property=\"og:title\" content=\"Events - AREA\" \/>\n<meta property=\"og:description\" content=\"AREA Albanian Renewable Energy Association EVENTS AllAREA AREA Mie: 27 kontrata p\u00ebr 80 hec-e do t\u00eb prishen Ministria e Infrastruktur\u00ebs dhe Energjis\u00eb doli k\u00ebt\u00eb t\u00eb enjte me nj\u00eb deklarat\u00eb p\u00ebr AREA Shqip\u00ebria, e treta n\u00eb europ\u00eb p\u00ebr prodhimin e energjis\u00eb nga burimet e rinovueshme Shqip\u00ebria renditet e treta n\u00eb Europ\u00eb, pas Norvegjis\u00eb dhe Island\u00ebs p\u00ebr [&hellip;]\" \/>\n<meta property=\"og:url\" content=\"https:\/\/areasso.org\/sq\/events\/\" \/>\n<meta property=\"og:site_name\" content=\"AREA\" \/>\n<meta property=\"article:modified_time\" content=\"2022-10-28T16:55:14+00:00\" \/>\n<meta property=\"og:image\" content=\"https:\/\/areasso.org\/wp-content\/uploads\/2022\/10\/hydro_conf-300x158-2-scaled.jpg\" \/>\n\t<meta property=\"og:image:width\" content=\"2560\" \/>\n\t<meta property=\"og:image:height\" content=\"1969\" \/>\n\t<meta property=\"og:image:type\" content=\"image\/jpeg\" \/>\n<meta name=\"twitter:card\" content=\"summary_large_image\" \/>\n<meta name=\"twitter:label1\" content=\"Est. reading time\" \/>\n\t<meta name=\"twitter:data1\" content=\"3 minuta\" \/>\n<script type=\"application\/ld+json\" class=\"yoast-schema-graph\">{\"@context\":\"https:\\\/\\\/schema.org\",\"@graph\":[{\"@type\":\"WebPage\",\"@id\":\"https:\\\/\\\/areasso.org\\\/events\\\/\",\"url\":\"https:\\\/\\\/areasso.org\\\/events\\\/\",\"name\":\"Events - AREA\",\"isPartOf\":{\"@id\":\"https:\\\/\\\/areasso.org\\\/#website\"},\"primaryImageOfPage\":{\"@id\":\"https:\\\/\\\/areasso.org\\\/events\\\/#primaryimage\"},\"image\":{\"@id\":\"https:\\\/\\\/areasso.org\\\/events\\\/#primaryimage\"},\"thumbnailUrl\":\"https:\\\/\\\/areasso.org\\\/wp-content\\\/uploads\\\/2022\\\/10\\\/hydro_conf-300x158-2-scaled.jpg\",\"datePublished\":\"2019-12-12T12:56:49+00:00\",\"dateModified\":\"2022-10-28T16:55:14+00:00\",\"inLanguage\":\"sq\",\"potentialAction\":[{\"@type\":\"ReadAction\",\"target\":[\"https:\\\/\\\/areasso.org\\\/events\\\/\"]}]},{\"@type\":\"ImageObject\",\"inLanguage\":\"sq\",\"@id\":\"https:\\\/\\\/areasso.org\\\/events\\\/#primaryimage\",\"url\":\"https:\\\/\\\/areasso.org\\\/wp-content\\\/uploads\\\/2022\\\/10\\\/hydro_conf-300x158-2-scaled.jpg\",\"contentUrl\":\"https:\\\/\\\/areasso.org\\\/wp-content\\\/uploads\\\/2022\\\/10\\\/hydro_conf-300x158-2-scaled.jpg\",\"width\":2560,\"height\":1969},{\"@type\":\"WebSite\",\"@id\":\"https:\\\/\\\/areasso.org\\\/#website\",\"url\":\"https:\\\/\\\/areasso.org\\\/\",\"name\":\"AREA\",\"description\":\"Albanian Renewable Energy Association\",\"publisher\":{\"@id\":\"https:\\\/\\\/areasso.org\\\/#organization\"},\"potentialAction\":[{\"@type\":\"SearchAction\",\"target\":{\"@type\":\"EntryPoint\",\"urlTemplate\":\"https:\\\/\\\/areasso.org\\\/?s={search_term_string}\"},\"query-input\":{\"@type\":\"PropertyValueSpecification\",\"valueRequired\":true,\"valueName\":\"search_term_string\"}}],\"inLanguage\":\"sq\"},{\"@type\":\"Organization\",\"@id\":\"https:\\\/\\\/areasso.org\\\/#organization\",\"name\":\"AREA\",\"url\":\"https:\\\/\\\/areasso.org\\\/\",\"logo\":{\"@type\":\"ImageObject\",\"inLanguage\":\"sq\",\"@id\":\"https:\\\/\\\/areasso.org\\\/#\\\/schema\\\/logo\\\/image\\\/\",\"url\":\"https:\\\/\\\/areasso.org\\\/wp-content\\\/uploads\\\/2022\\\/10\\\/logo-area.png\",\"contentUrl\":\"https:\\\/\\\/areasso.org\\\/wp-content\\\/uploads\\\/2022\\\/10\\\/logo-area.png\",\"width\":1920,\"height\":1200,\"caption\":\"AREA\"},\"image\":{\"@id\":\"https:\\\/\\\/areasso.org\\\/#\\\/schema\\\/logo\\\/image\\\/\"}}]}<\/script>\n<!-- \/ Yoast SEO plugin. -->","yoast_head_json":{"title":"Events - AREA","robots":{"index":"index","follow":"follow","max-snippet":"max-snippet:-1","max-image-preview":"max-image-preview:large","max-video-preview":"max-video-preview:-1"},"canonical":"https:\/\/areasso.org\/sq\/events\/","og_locale":"sq_AL","og_type":"article","og_title":"Events - AREA","og_description":"AREA Albanian Renewable Energy Association EVENTS AllAREA AREA Mie: 27 kontrata p\u00ebr 80 hec-e do t\u00eb prishen Ministria e Infrastruktur\u00ebs dhe Energjis\u00eb doli k\u00ebt\u00eb t\u00eb enjte me nj\u00eb deklarat\u00eb p\u00ebr AREA Shqip\u00ebria, e treta n\u00eb europ\u00eb p\u00ebr prodhimin e energjis\u00eb nga burimet e rinovueshme Shqip\u00ebria renditet e treta n\u00eb Europ\u00eb, pas Norvegjis\u00eb dhe Island\u00ebs p\u00ebr [&hellip;]","og_url":"https:\/\/areasso.org\/sq\/events\/","og_site_name":"AREA","article_modified_time":"2022-10-28T16:55:14+00:00","og_image":[{"width":2560,"height":1969,"url":"https:\/\/areasso.org\/wp-content\/uploads\/2022\/10\/hydro_conf-300x158-2-scaled.jpg","type":"image\/jpeg"}],"twitter_card":"summary_large_image","twitter_misc":{"Est. reading time":"3 minuta"},"schema":{"@context":"https:\/\/schema.org","@graph":[{"@type":"WebPage","@id":"https:\/\/areasso.org\/events\/","url":"https:\/\/areasso.org\/events\/","name":"Events - AREA","isPartOf":{"@id":"https:\/\/areasso.org\/#website"},"primaryImageOfPage":{"@id":"https:\/\/areasso.org\/events\/#primaryimage"},"image":{"@id":"https:\/\/areasso.org\/events\/#primaryimage"},"thumbnailUrl":"https:\/\/areasso.org\/wp-content\/uploads\/2022\/10\/hydro_conf-300x158-2-scaled.jpg","datePublished":"2019-12-12T12:56:49+00:00","dateModified":"2022-10-28T16:55:14+00:00","inLanguage":"sq","potentialAction":[{"@type":"ReadAction","target":["https:\/\/areasso.org\/events\/"]}]},{"@type":"ImageObject","inLanguage":"sq","@id":"https:\/\/areasso.org\/events\/#primaryimage","url":"https:\/\/areasso.org\/wp-content\/uploads\/2022\/10\/hydro_conf-300x158-2-scaled.jpg","contentUrl":"https:\/\/areasso.org\/wp-content\/uploads\/2022\/10\/hydro_conf-300x158-2-scaled.jpg","width":2560,"height":1969},{"@type":"WebSite","@id":"https:\/\/areasso.org\/#website","url":"https:\/\/areasso.org\/","name":"AREA","description":"Albanian Renewable Energy Association","publisher":{"@id":"https:\/\/areasso.org\/#organization"},"potentialAction":[{"@type":"SearchAction","target":{"@type":"EntryPoint","urlTemplate":"https:\/\/areasso.org\/?s={search_term_string}"},"query-input":{"@type":"PropertyValueSpecification","valueRequired":true,"valueName":"search_term_string"}}],"inLanguage":"sq"},{"@type":"Organization","@id":"https:\/\/areasso.org\/#organization","name":"AREA","url":"https:\/\/areasso.org\/","logo":{"@type":"ImageObject","inLanguage":"sq","@id":"https:\/\/areasso.org\/#\/schema\/logo\/image\/","url":"https:\/\/areasso.org\/wp-content\/uploads\/2022\/10\/logo-area.png","contentUrl":"https:\/\/areasso.org\/wp-content\/uploads\/2022\/10\/logo-area.png","width":1920,"height":1200,"caption":"AREA"},"image":{"@id":"https:\/\/areasso.org\/#\/schema\/logo\/image\/"}}]}},"_links":{"self":[{"href":"https:\/\/areasso.org\/sq\/wp-json\/wp\/v2\/pages\/719","targetHints":{"allow":["GET"]}}],"collection":[{"href":"https:\/\/areasso.org\/sq\/wp-json\/wp\/v2\/pages"}],"about":[{"href":"https:\/\/areasso.org\/sq\/wp-json\/wp\/v2\/types\/page"}],"author":[{"embeddable":true,"href":"https:\/\/areasso.org\/sq\/wp-json\/wp\/v2\/users\/3"}],"replies":[{"embeddable":true,"href":"https:\/\/areasso.org\/sq\/wp-json\/wp\/v2\/comments?post=719"}],"version-history":[{"count":0,"href":"https:\/\/areasso.org\/sq\/wp-json\/wp\/v2\/pages\/719\/revisions"}],"wp:featuredmedia":[{"embeddable":true,"href":"https:\/\/areasso.org\/sq\/wp-json\/wp\/v2\/media\/2167"}],"wp:attachment":[{"href":"https:\/\/areasso.org\/sq\/wp-json\/wp\/v2\/media?parent=719"}],"curies":[{"name":"wp","href":"https:\/\/api.w.org\/{rel}","templated":true}]}}