{"id":593,"date":"2019-12-11T21:11:18","date_gmt":"2019-12-11T21:11:18","guid":{"rendered":"http:\/\/irecco.wgl-demo.net\/?page_id=593"},"modified":"2022-10-30T00:18:18","modified_gmt":"2022-10-30T00:18:18","slug":"laws","status":"publish","type":"page","link":"https:\/\/areasso.org\/sq\/laws\/","title":{"rendered":"Laws"},"content":{"rendered":"<div data-elementor-type=\"wp-page\" data-elementor-id=\"593\" class=\"elementor elementor-593\">\n\t\t\t\t\t\t<section class=\"elementor-section elementor-top-section elementor-element elementor-element-30313672 elementor-section-boxed elementor-section-height-default elementor-section-height-default\" data-id=\"30313672\" data-element_type=\"section\" data-e-type=\"section\">\n\t\t\t\t\t\t<div class=\"elementor-container elementor-column-gap-default\">\n\t\t\t\t\t<div class=\"elementor-column elementor-col-100 elementor-top-column elementor-element elementor-element-2abb945a\" data-id=\"2abb945a\" data-element_type=\"column\" data-e-type=\"column\">\n\t\t\t<div class=\"elementor-widget-wrap\">\n\t\t\t\t\t\t\t<\/div>\n\t\t<\/div>\n\t\t\t\t\t<\/div>\n\t\t<\/section>\n\t\t\t\t<section class=\"elementor-section elementor-top-section elementor-element elementor-element-0b5c4f9 elementor-section-boxed elementor-section-height-default elementor-section-height-default\" data-id=\"0b5c4f9\" data-element_type=\"section\" data-e-type=\"section\">\n\t\t\t\t\t\t<div class=\"elementor-container elementor-column-gap-default\">\n\t\t\t\t\t<div class=\"elementor-column elementor-col-100 elementor-top-column elementor-element elementor-element-3a076b4\" data-id=\"3a076b4\" data-element_type=\"column\" data-e-type=\"column\">\n\t\t\t<div class=\"elementor-widget-wrap elementor-element-populated\">\n\t\t\t\t\t\t<div class=\"elementor-element elementor-element-292bea3 elementor-widget elementor-widget-spacer\" data-id=\"292bea3\" data-element_type=\"widget\" data-e-type=\"widget\" data-widget_type=\"spacer.default\">\n\t\t\t\t<div class=\"elementor-widget-container\">\n\t\t\t\t\t\t\t<div class=\"elementor-spacer\">\n\t\t\t<div class=\"elementor-spacer-inner\"><\/div>\n\t\t<\/div>\n\t\t\t\t\t\t<\/div>\n\t\t\t\t<\/div>\n\t\t\t\t\t<\/div>\n\t\t<\/div>\n\t\t\t\t\t<\/div>\n\t\t<\/section>\n\t\t\t\t<section class=\"elementor-section elementor-top-section elementor-element elementor-element-c555765 elementor-section-boxed elementor-section-height-default elementor-section-height-default\" data-id=\"c555765\" data-element_type=\"section\" data-e-type=\"section\">\n\t\t\t\t\t\t<div class=\"elementor-container elementor-column-gap-default\">\n\t\t\t\t\t<div class=\"elementor-column elementor-col-100 elementor-top-column elementor-element elementor-element-7d8c43d\" data-id=\"7d8c43d\" data-element_type=\"column\" data-e-type=\"column\">\n\t\t\t<div class=\"elementor-widget-wrap elementor-element-populated\">\n\t\t\t\t\t\t<div class=\"elementor-element elementor-element-bc22600 elementor-widget elementor-widget-spacer\" data-id=\"bc22600\" data-element_type=\"widget\" data-e-type=\"widget\" data-widget_type=\"spacer.default\">\n\t\t\t\t<div class=\"elementor-widget-container\">\n\t\t\t\t\t\t\t<div class=\"elementor-spacer\">\n\t\t\t<div class=\"elementor-spacer-inner\"><\/div>\n\t\t<\/div>\n\t\t\t\t\t\t<\/div>\n\t\t\t\t<\/div>\n\t\t\t\t\t<\/div>\n\t\t<\/div>\n\t\t\t\t\t<\/div>\n\t\t<\/section>\n\t\t\t\t<section class=\"elementor-section elementor-top-section elementor-element elementor-element-95abf7a elementor-section-boxed elementor-section-height-default elementor-section-height-default\" data-id=\"95abf7a\" data-element_type=\"section\" data-e-type=\"section\">\n\t\t\t\t\t\t<div class=\"elementor-container elementor-column-gap-extended\">\n\t\t\t\t\t<div class=\"elementor-column elementor-col-33 elementor-top-column elementor-element elementor-element-f28d653\" data-id=\"f28d653\" data-element_type=\"column\" data-e-type=\"column\">\n\t\t\t<div class=\"elementor-widget-wrap\">\n\t\t\t\t\t\t\t<\/div>\n\t\t<\/div>\n\t\t\t\t<div class=\"elementor-column elementor-col-33 elementor-top-column elementor-element elementor-element-75a3b7f\" data-id=\"75a3b7f\" data-element_type=\"column\" data-e-type=\"column\">\n\t\t\t<div class=\"elementor-widget-wrap\">\n\t\t\t\t\t\t\t<\/div>\n\t\t<\/div>\n\t\t\t\t<div class=\"elementor-column elementor-col-33 elementor-top-column elementor-element elementor-element-09dc8b9\" data-id=\"09dc8b9\" data-element_type=\"column\" data-e-type=\"column\">\n\t\t\t<div class=\"elementor-widget-wrap\">\n\t\t\t\t\t\t\t<\/div>\n\t\t<\/div>\n\t\t\t\t\t<\/div>\n\t\t<\/section>\n\t\t\t\t<section class=\"elementor-section elementor-top-section elementor-element elementor-element-651fde0 elementor-section-boxed elementor-section-height-default elementor-section-height-default\" data-id=\"651fde0\" data-element_type=\"section\" data-e-type=\"section\">\n\t\t\t\t\t\t<div class=\"elementor-container elementor-column-gap-extended\">\n\t\t\t\t\t<div class=\"elementor-column elementor-col-33 elementor-top-column elementor-element elementor-element-a9302c9\" data-id=\"a9302c9\" data-element_type=\"column\" data-e-type=\"column\">\n\t\t\t<div class=\"elementor-widget-wrap\">\n\t\t\t\t\t\t\t<\/div>\n\t\t<\/div>\n\t\t\t\t<div class=\"elementor-column elementor-col-33 elementor-top-column elementor-element elementor-element-671e48d\" data-id=\"671e48d\" data-element_type=\"column\" data-e-type=\"column\">\n\t\t\t<div class=\"elementor-widget-wrap\">\n\t\t\t\t\t\t\t<\/div>\n\t\t<\/div>\n\t\t\t\t<div class=\"elementor-column elementor-col-33 elementor-top-column elementor-element elementor-element-3991d66\" data-id=\"3991d66\" data-element_type=\"column\" data-e-type=\"column\">\n\t\t\t<div class=\"elementor-widget-wrap\">\n\t\t\t\t\t\t\t<\/div>\n\t\t<\/div>\n\t\t\t\t\t<\/div>\n\t\t<\/section>\n\t\t\t\t<section class=\"elementor-section elementor-top-section elementor-element elementor-element-562b8ec elementor-section-boxed elementor-section-height-default elementor-section-height-default\" data-id=\"562b8ec\" data-element_type=\"section\" data-e-type=\"section\">\n\t\t\t\t\t\t<div class=\"elementor-container elementor-column-gap-extended\">\n\t\t\t\t\t<div class=\"elementor-column elementor-col-33 elementor-top-column elementor-element elementor-element-9541923\" data-id=\"9541923\" data-element_type=\"column\" data-e-type=\"column\">\n\t\t\t<div class=\"elementor-widget-wrap\">\n\t\t\t\t\t\t\t<\/div>\n\t\t<\/div>\n\t\t\t\t<div class=\"elementor-column elementor-col-33 elementor-top-column elementor-element elementor-element-617b9bf\" data-id=\"617b9bf\" data-element_type=\"column\" data-e-type=\"column\">\n\t\t\t<div class=\"elementor-widget-wrap\">\n\t\t\t\t\t\t\t<\/div>\n\t\t<\/div>\n\t\t\t\t<div class=\"elementor-column elementor-col-33 elementor-top-column elementor-element elementor-element-9286f9d\" data-id=\"9286f9d\" data-element_type=\"column\" data-e-type=\"column\">\n\t\t\t<div class=\"elementor-widget-wrap\">\n\t\t\t\t\t\t\t<\/div>\n\t\t<\/div>\n\t\t\t\t\t<\/div>\n\t\t<\/section>\n\t\t\t\t<section class=\"elementor-section elementor-top-section elementor-element elementor-element-7590a9c elementor-section-boxed elementor-section-height-default elementor-section-height-default\" data-id=\"7590a9c\" data-element_type=\"section\" data-e-type=\"section\">\n\t\t\t\t\t\t<div class=\"elementor-container elementor-column-gap-extended\">\n\t\t\t\t\t<div class=\"elementor-column elementor-col-33 elementor-top-column elementor-element elementor-element-e295a0f\" data-id=\"e295a0f\" data-element_type=\"column\" data-e-type=\"column\">\n\t\t\t<div class=\"elementor-widget-wrap\">\n\t\t\t\t\t\t\t<\/div>\n\t\t<\/div>\n\t\t\t\t<div class=\"elementor-column elementor-col-33 elementor-top-column elementor-element elementor-element-99ef02c\" data-id=\"99ef02c\" data-element_type=\"column\" data-e-type=\"column\">\n\t\t\t<div class=\"elementor-widget-wrap\">\n\t\t\t\t\t\t\t<\/div>\n\t\t<\/div>\n\t\t\t\t<div class=\"elementor-column elementor-col-33 elementor-top-column elementor-element elementor-element-841cc23\" data-id=\"841cc23\" data-element_type=\"column\" data-e-type=\"column\">\n\t\t\t<div class=\"elementor-widget-wrap\">\n\t\t\t\t\t\t\t<\/div>\n\t\t<\/div>\n\t\t\t\t\t<\/div>\n\t\t<\/section>\n\t\t\t\t<\/div>","protected":false},"excerpt":{"rendered":"<p>AREA Albanian Renewable Energy Association LAWS AREA VENDIM Nr. 8, Dat\u00eb 17.01.2019 Mbi \u00e7mimin vjetor t\u00eb blerjes s\u00eb energjis\u00eb elektrike q\u00eb do t\u2019u paguhet prodhuesve ekzistues me p\u00ebrpar\u00ebsi p\u00ebr vitin 2019 AREA VENDIM Nr.159, Dat\u00eb 04.10.2017 Mbi fillimin e procedurave p\u00ebr miratimin e \u201crregullave p\u00ebr p\u00ebrcaktimin e formatit t\u00eb t\u00eb dh\u00ebnave dhe procedur\u00ebn p\u00ebr aksesin [&hellip;]<\/p>\n","protected":false},"author":3,"featured_media":0,"parent":0,"menu_order":0,"comment_status":"closed","ping_status":"closed","template":"","meta":{"footnotes":""},"class_list":["post-593","page","type-page","status-publish","hentry"],"yoast_head":"<!-- This site is optimized with the Yoast SEO plugin v27.5 - https:\/\/yoast.com\/product\/yoast-seo-wordpress\/ -->\n<title>Laws - AREA<\/title>\n<meta name=\"robots\" content=\"index, follow, max-snippet:-1, max-image-preview:large, max-video-preview:-1\" \/>\n<link rel=\"canonical\" href=\"https:\/\/areasso.org\/sq\/laws\/\" \/>\n<meta property=\"og:locale\" content=\"sq_AL\" \/>\n<meta property=\"og:type\" content=\"article\" \/>\n<meta property=\"og:title\" content=\"Laws - AREA\" \/>\n<meta property=\"og:description\" content=\"AREA Albanian Renewable Energy Association LAWS AREA VENDIM Nr. 8, Dat\u00eb 17.01.2019 Mbi \u00e7mimin vjetor t\u00eb blerjes s\u00eb energjis\u00eb elektrike q\u00eb do t\u2019u paguhet prodhuesve ekzistues me p\u00ebrpar\u00ebsi p\u00ebr vitin 2019 AREA VENDIM Nr.159, Dat\u00eb 04.10.2017 Mbi fillimin e procedurave p\u00ebr miratimin e \u201crregullave p\u00ebr p\u00ebrcaktimin e formatit t\u00eb t\u00eb dh\u00ebnave dhe procedur\u00ebn p\u00ebr aksesin [&hellip;]\" \/>\n<meta property=\"og:url\" content=\"https:\/\/areasso.org\/sq\/laws\/\" \/>\n<meta property=\"og:site_name\" content=\"AREA\" \/>\n<meta property=\"article:modified_time\" content=\"2022-10-30T00:18:18+00:00\" \/>\n<meta name=\"twitter:card\" content=\"summary_large_image\" \/>\n<meta name=\"twitter:label1\" content=\"Est. reading time\" \/>\n\t<meta name=\"twitter:data1\" content=\"3 minuta\" \/>\n<script type=\"application\/ld+json\" class=\"yoast-schema-graph\">{\"@context\":\"https:\\\/\\\/schema.org\",\"@graph\":[{\"@type\":\"WebPage\",\"@id\":\"https:\\\/\\\/areasso.org\\\/laws\\\/\",\"url\":\"https:\\\/\\\/areasso.org\\\/laws\\\/\",\"name\":\"Laws - AREA\",\"isPartOf\":{\"@id\":\"https:\\\/\\\/areasso.org\\\/#website\"},\"datePublished\":\"2019-12-11T21:11:18+00:00\",\"dateModified\":\"2022-10-30T00:18:18+00:00\",\"inLanguage\":\"sq\",\"potentialAction\":[{\"@type\":\"ReadAction\",\"target\":[\"https:\\\/\\\/areasso.org\\\/laws\\\/\"]}]},{\"@type\":\"WebSite\",\"@id\":\"https:\\\/\\\/areasso.org\\\/#website\",\"url\":\"https:\\\/\\\/areasso.org\\\/\",\"name\":\"AREA\",\"description\":\"Albanian Renewable Energy Association\",\"publisher\":{\"@id\":\"https:\\\/\\\/areasso.org\\\/#organization\"},\"potentialAction\":[{\"@type\":\"SearchAction\",\"target\":{\"@type\":\"EntryPoint\",\"urlTemplate\":\"https:\\\/\\\/areasso.org\\\/?s={search_term_string}\"},\"query-input\":{\"@type\":\"PropertyValueSpecification\",\"valueRequired\":true,\"valueName\":\"search_term_string\"}}],\"inLanguage\":\"sq\"},{\"@type\":\"Organization\",\"@id\":\"https:\\\/\\\/areasso.org\\\/#organization\",\"name\":\"AREA\",\"url\":\"https:\\\/\\\/areasso.org\\\/\",\"logo\":{\"@type\":\"ImageObject\",\"inLanguage\":\"sq\",\"@id\":\"https:\\\/\\\/areasso.org\\\/#\\\/schema\\\/logo\\\/image\\\/\",\"url\":\"https:\\\/\\\/areasso.org\\\/wp-content\\\/uploads\\\/2022\\\/10\\\/logo-area.png\",\"contentUrl\":\"https:\\\/\\\/areasso.org\\\/wp-content\\\/uploads\\\/2022\\\/10\\\/logo-area.png\",\"width\":1920,\"height\":1200,\"caption\":\"AREA\"},\"image\":{\"@id\":\"https:\\\/\\\/areasso.org\\\/#\\\/schema\\\/logo\\\/image\\\/\"}}]}<\/script>\n<!-- \/ Yoast SEO plugin. -->","yoast_head_json":{"title":"Laws - AREA","robots":{"index":"index","follow":"follow","max-snippet":"max-snippet:-1","max-image-preview":"max-image-preview:large","max-video-preview":"max-video-preview:-1"},"canonical":"https:\/\/areasso.org\/sq\/laws\/","og_locale":"sq_AL","og_type":"article","og_title":"Laws - AREA","og_description":"AREA Albanian Renewable Energy Association LAWS AREA VENDIM Nr. 8, Dat\u00eb 17.01.2019 Mbi \u00e7mimin vjetor t\u00eb blerjes s\u00eb energjis\u00eb elektrike q\u00eb do t\u2019u paguhet prodhuesve ekzistues me p\u00ebrpar\u00ebsi p\u00ebr vitin 2019 AREA VENDIM Nr.159, Dat\u00eb 04.10.2017 Mbi fillimin e procedurave p\u00ebr miratimin e \u201crregullave p\u00ebr p\u00ebrcaktimin e formatit t\u00eb t\u00eb dh\u00ebnave dhe procedur\u00ebn p\u00ebr aksesin [&hellip;]","og_url":"https:\/\/areasso.org\/sq\/laws\/","og_site_name":"AREA","article_modified_time":"2022-10-30T00:18:18+00:00","twitter_card":"summary_large_image","twitter_misc":{"Est. reading time":"3 minuta"},"schema":{"@context":"https:\/\/schema.org","@graph":[{"@type":"WebPage","@id":"https:\/\/areasso.org\/laws\/","url":"https:\/\/areasso.org\/laws\/","name":"Laws - AREA","isPartOf":{"@id":"https:\/\/areasso.org\/#website"},"datePublished":"2019-12-11T21:11:18+00:00","dateModified":"2022-10-30T00:18:18+00:00","inLanguage":"sq","potentialAction":[{"@type":"ReadAction","target":["https:\/\/areasso.org\/laws\/"]}]},{"@type":"WebSite","@id":"https:\/\/areasso.org\/#website","url":"https:\/\/areasso.org\/","name":"AREA","description":"Albanian Renewable Energy Association","publisher":{"@id":"https:\/\/areasso.org\/#organization"},"potentialAction":[{"@type":"SearchAction","target":{"@type":"EntryPoint","urlTemplate":"https:\/\/areasso.org\/?s={search_term_string}"},"query-input":{"@type":"PropertyValueSpecification","valueRequired":true,"valueName":"search_term_string"}}],"inLanguage":"sq"},{"@type":"Organization","@id":"https:\/\/areasso.org\/#organization","name":"AREA","url":"https:\/\/areasso.org\/","logo":{"@type":"ImageObject","inLanguage":"sq","@id":"https:\/\/areasso.org\/#\/schema\/logo\/image\/","url":"https:\/\/areasso.org\/wp-content\/uploads\/2022\/10\/logo-area.png","contentUrl":"https:\/\/areasso.org\/wp-content\/uploads\/2022\/10\/logo-area.png","width":1920,"height":1200,"caption":"AREA"},"image":{"@id":"https:\/\/areasso.org\/#\/schema\/logo\/image\/"}}]}},"_links":{"self":[{"href":"https:\/\/areasso.org\/sq\/wp-json\/wp\/v2\/pages\/593","targetHints":{"allow":["GET"]}}],"collection":[{"href":"https:\/\/areasso.org\/sq\/wp-json\/wp\/v2\/pages"}],"about":[{"href":"https:\/\/areasso.org\/sq\/wp-json\/wp\/v2\/types\/page"}],"author":[{"embeddable":true,"href":"https:\/\/areasso.org\/sq\/wp-json\/wp\/v2\/users\/3"}],"replies":[{"embeddable":true,"href":"https:\/\/areasso.org\/sq\/wp-json\/wp\/v2\/comments?post=593"}],"version-history":[{"count":0,"href":"https:\/\/areasso.org\/sq\/wp-json\/wp\/v2\/pages\/593\/revisions"}],"wp:attachment":[{"href":"https:\/\/areasso.org\/sq\/wp-json\/wp\/v2\/media?parent=593"}],"curies":[{"name":"wp","href":"https:\/\/api.w.org\/{rel}","templated":true}]}}